{"id":107,"date":"2025-01-13T15:42:40","date_gmt":"2025-01-13T15:42:40","guid":{"rendered":"https:\/\/denkloesung.de\/?page_id=107"},"modified":"2025-02-04T09:16:09","modified_gmt":"2025-02-04T09:16:09","slug":"home","status":"publish","type":"page","link":"https:\/\/denkloesung.de\/","title":{"rendered":"Startseite"},"content":{"rendered":"<div id=\"content\">\n<h1 class=\"documentFirstHeading\"><span id=\"parent-fieldname-title\" class=\"\"> Softwareentwicklung pragmatisch und modern <\/span><\/h1>\n<p class=\"documentDescription\"><span id=\"parent-fieldname-description\" class=\"\"> Bew\u00e4hrte L\u00f6sungen und neueste Anforderungen sind kein Widerspruch ! <\/span><\/p>\n<div id=\"parent-fieldname-text\" class=\"\">\n<p>Angefangen zu Zeiten von Apple II ist mein Schwerpunkt in der Software-Entwicklung.<\/p>\n<p>Seit 1992 mit dem Schwerpunkt auf Client-Server Framework-Entwicklung.<\/p>\n<p>Zun\u00e4chst unter diversen Unix-Systemen mit Windows Arbeitspl\u00e4tzen (Server Cobol und C, Client C) setze sich diese Entwicklung mit Java-basiertem Server seit 1996 fort.<\/p>\n<p>Sowohl Server- als auch Client-seitig immer mit den neusten Betriebssystemen und Sprachen wie Java,C++,C#.<\/p>\n<p>Zur Implementierung der verschiedenen Framework-Systeme geh\u00f6ren neben der Einbindung nahezu aller Datenbanken auch die Mitentwicklung an schlanken Service-Architekturen, ESB, GUI, Schnittstellen, verteilte L\u00f6sungen \u00fcber Sprachen und Betriebsysteme hinweg.<\/p>\n<p>Unter Einsatz dieser Techniken, sowie auch von Web-basierten Techniken (z.B. Tomcat) war ich zu jeder Zeit auch an der Anwendungs-Entwicklung beteiligt. Dazu geh\u00f6ren neben &#8216;Kleinigkeiten&#8217; wie z.B. Webauftritten oder kleinen Individual-L\u00f6sungen auch gro\u00dfe Projekte, wie z.B. die Entwicklung einer kompletten Hochschul-Verwaltung, einer Callcenter-L\u00f6sung, Fibu und vielem mehr.<\/p>\n<p>Eingesetze Techniken und Erfahrungbereiche sehen Sie auf den folgenden Seiten.<\/p>\n<\/div>\n<\/div>\n","protected":false},"excerpt":{"rendered":"<p>Softwareentwicklung pragmatisch und modern Bew\u00e4hrte L\u00f6sungen und neueste Anforderungen sind kein Widerspruch ! Angefangen zu Zeiten von Apple II ist mein Schwerpunkt in der Software-Entwicklung. Seit 1992 mit dem Schwerpunkt auf Client-Server Framework-Entwicklung. Zun\u00e4chst unter diversen Unix-Systemen mit Windows Arbeitspl\u00e4tzen (Server Cobol und C, Client C) setze sich diese Entwicklung mit Java-basiertem Server seit 1996 &hellip; <\/p>\n<p class=\"link-more\"><a href=\"https:\/\/denkloesung.de\/\" class=\"more-link\">Read more<span class=\"screen-reader-text\"> &#8220;Startseite&#8221;<\/span><\/a><\/p>\n","protected":false},"author":2,"featured_media":0,"parent":0,"menu_order":1,"comment_status":"closed","ping_status":"closed","template":"","meta":{"footnotes":""},"class_list":["post-107","page","type-page","status-publish","hentry"],"_links":{"self":[{"href":"https:\/\/denkloesung.de\/index.php?rest_route=\/wp\/v2\/pages\/107"}],"collection":[{"href":"https:\/\/denkloesung.de\/index.php?rest_route=\/wp\/v2\/pages"}],"about":[{"href":"https:\/\/denkloesung.de\/index.php?rest_route=\/wp\/v2\/types\/page"}],"author":[{"embeddable":true,"href":"https:\/\/denkloesung.de\/index.php?rest_route=\/wp\/v2\/users\/2"}],"replies":[{"embeddable":true,"href":"https:\/\/denkloesung.de\/index.php?rest_route=%2Fwp%2Fv2%2Fcomments&post=107"}],"version-history":[{"count":3,"href":"https:\/\/denkloesung.de\/index.php?rest_route=\/wp\/v2\/pages\/107\/revisions"}],"predecessor-version":[{"id":175,"href":"https:\/\/denkloesung.de\/index.php?rest_route=\/wp\/v2\/pages\/107\/revisions\/175"}],"wp:attachment":[{"href":"https:\/\/denkloesung.de\/index.php?rest_route=%2Fwp%2Fv2%2Fmedia&parent=107"}],"curies":[{"name":"wp","href":"https:\/\/api.w.org\/{rel}","templated":true}]}}