{"id":40,"date":"2025-01-13T11:54:01","date_gmt":"2025-01-13T11:54:01","guid":{"rendered":"https:\/\/denkloesung.de\/?page_id=40"},"modified":"2025-01-13T14:43:55","modified_gmt":"2025-01-13T14:43:55","slug":"datenschutz","status":"publish","type":"page","link":"https:\/\/denkloesung.de\/?page_id=40","title":{"rendered":"Datenschutz"},"content":{"rendered":"<div id=\"content\">\n<p><!-- \n\n<h2 style=\"color: black;\n    text-align: center;\n    border-bottom: 1px solid black;\n    margin-bottom: 100px;\">Datenschutz<\/h2>\n\n --><\/p>\n<p>Datenschutzerkl\u00e4rung<\/p>\n<div id=\"parent-fieldname-text\" class=\"\">\n<p>Wir freuen uns, dass Sie unsere Webseiten besuchen und bedanken uns f\u00fcr Ihr Interesse an unserem Unternehmen und unserer Webseite. Der Schutz Ihrer Privatsph\u00e4re bei der Nutzung unserer Webseiten ist uns ein wichtiges Anliegen. Deshalb handeln wir in \u00dcbereinstimmung mit den anwendbaren Rechtsvorschriften zum Schutz personenbezogener Daten und zur Datensicherheit, insbesondere dem Telemediengesetz, dem Bundesdatenschutzgesetz und der DSGVO. Im Folgenden erfahren Sie, f\u00fcr welche Webseiten diese Datenschutzerkl\u00e4rung gilt, welche Daten wir erheben und verwenden, welche Auskunftsrechte Sie haben etc.<\/p>\n<div>\n<h3>Anwendungsbereich<\/h3>\n<p>Diese Datenschutzerkl\u00e4rung gilt f\u00fcr die Nutzung der Webseite von denkloesung.de \u00a0Diese Datenschutzerkl\u00e4rung gilt nicht f\u00fcr die Webseiten anderer Diensteanbieter, auf die unsere Webseite durch einen Link lediglich verweisen.<\/p>\n<\/div>\n<div>\n<h3>Verantwortlich<\/h3>\n<p><img decoding=\"async\" class=\"image-inline\" src=\"https:\/\/web.archive.org\/web\/20220514142251im_\/http:\/\/www.denkloesung.de\/datenschutz\/impressum.gif\/image_preview\" alt=\"Impressum\" \/><\/p>\n<h3>Erfassung allgemeiner Informationen<\/h3>\n<p>Wenn Sie auf unsere Webseite zugreifen, werden automatisch Informationen allgemeiner Natur erfasst. Diese Informationen (Server-Logfiles) beinhalten etwa die Art des Webbrowsers, das verwendete Betriebssystem, den Domainnamen Ihres Internet Service Providers und \u00c4hnliches. Diese Informationen sind technisch notwendig, um von Ihnen angeforderte Inhalte von Webseiten korrekt auszuliefern und fallen bei Nutzung des Internets zwingend an. Wir nutzen diese Daten nicht statistisch aus.<\/p>\n<\/div>\n<div>\n<h3>Server-Log-Dateien<\/h3>\n<p>Der Provider der Seiten erhebt und speichert automatisch Informationen in so genannten Server-Log-Dateien, die Ihr Browser automatisch an uns \u00fcbermittelt. Dies sind:<\/p>\n<p>Browsertyp und Browserversion<br \/>\nverwendetes Betriebssystem<br \/>\nReferrer URL<br \/>\nHostname des zugreifenden Rechners<br \/>\nUhrzeit der Serveranfrage<br \/>\nIP-Adresse<\/p>\n<p>Eine Zusammenf\u00fchrung dieser Daten mit anderen Datenquellen wird nicht vorgenommen.<br \/>\nGrundlage f\u00fcr die Datenverarbeitung ist Art. 6 Abs. 1 lit. b DSGVO, der die Verarbeitung von Daten zur Erf\u00fcllung eines Vertrags oder vorvertraglicher Ma\u00dfnahmen gestattet.<\/p>\n<\/div>\n<div>\n<h3>SSL-Verschl\u00fcsselung<\/h3>\n<p>Um die Sicherheit Ihrer Daten bei der \u00dcbertragung zu sch\u00fctzen, verwenden wir dem aktuellen Stand der Technik entsprechende Verschl\u00fcsselungsverfahren (z. B. SSL) \u00fcber HTTPS.<\/p>\n<\/div>\n<div>\n<h3>Newsletter<\/h3>\n<p>Wir bieten keinen Newsletter versand an.<\/p>\n<\/div>\n<div>\n<h3>Kontaktformular<\/h3>\n<p>Treten Sie per E-Mail oder Kontaktformular mit uns in Kontakt, werden die von Ihnen gemachten Angaben zum Zwecke der Bearbeitung der Anfrage sowie f\u00fcr m\u00f6gliche Anschlussfragen gespeichert.<\/p>\n<\/div>\n<div>\n<h3>Verwendung von Cookies<\/h3>\n<p>Wir verwenden auf unserer Seite keine Cookies.<\/p>\n<\/div>\n<div>\n<h3>Ihre Rechte auf Auskunft, Berichtigung, Sperre, L\u00f6schung und Widerspruch<\/h3>\n<p>Sie haben das Recht, jederzeit Auskunft \u00fcber Ihre bei uns gespeicherten personenbezogenen Daten zu erhalten. Ebenso haben Sie das Recht auf Berichtigung, Sperrung oder, abgesehen von der vorgeschriebenen Datenspeicherung zur Gesch\u00e4ftsabwicklung, L\u00f6schung Ihrer personenbezogenen Daten. Bitte wenden Sie sich dazu an unseren Datenschutzbeauftragten. Die Kontaktdaten finden Sie ganz unten.<br \/>\nDamit eine Sperre von Daten jederzeit ber\u00fccksichtigt werden kann, m\u00fcssen diese Daten zu Kontrollzwecken in einer Sperrdatei vorgehalten werden. Sie k\u00f6nnen auch die L\u00f6schung der Daten verlangen, soweit keine gesetzliche Archivierungsverpflichtung besteht. Soweit eine solche Verpflichtung besteht, sperren wir Ihre Daten auf Wunsch.<br \/>\nSie k\u00f6nnen \u00c4nderungen oder den Widerruf einer Einwilligung durch entsprechende Mitteilung an uns mit Wirkung f\u00fcr die Zukunft vornehmen.<\/p>\n<\/div>\n<div>\n<h3>\u00c4nderung unserer Datenschutzbestimmungen<\/h3>\n<p>Wir behalten uns vor, diese Datenschutzerkl\u00e4rung gelegentlich anzupassen, damit sie stets den aktuellen rechtlichen Anforderungen entspricht oder um \u00c4nderungen unserer Leistungen in der Datenschutzerkl\u00e4rung umzusetzen, z. B. bei der Einf\u00fchrung neuer Services. F\u00fcr Ihren erneuten Besuch gilt dann die neue Datenschutzerkl\u00e4rung.<\/p>\n<\/div>\n<div>\n<h3>Auskunftsstelle von denkloesung<\/h3>\n<p>Wenn Sie Ihre Auskunftsrechte geltend machen wollen, Fragen zu dieser Datenschutzerkl\u00e4rung oder unserem Datenschutzverhalten im Web haben, benutzen Sie bitte das Kontakt-Fomrular<\/p>\n<\/div>\n<div><a href=\"\/web\/20240221041909\/http:\/\/www.denkloesung.de\/contact-info\">Contact<\/a><\/div>\n<\/div>\n<\/div>\n","protected":false},"excerpt":{"rendered":"<p>Datenschutzerkl\u00e4rung Wir freuen uns, dass Sie unsere Webseiten besuchen und bedanken uns f\u00fcr Ihr Interesse an unserem Unternehmen und unserer Webseite. Der Schutz Ihrer Privatsph\u00e4re bei der Nutzung unserer Webseiten ist uns ein wichtiges Anliegen. Deshalb handeln wir in \u00dcbereinstimmung mit den anwendbaren Rechtsvorschriften zum Schutz personenbezogener Daten und zur Datensicherheit, insbesondere dem Telemediengesetz, dem &hellip; <\/p>\n<p class=\"link-more\"><a href=\"https:\/\/denkloesung.de\/?page_id=40\" class=\"more-link\">Read more<span class=\"screen-reader-text\"> &#8220;Datenschutz&#8221;<\/span><\/a><\/p>\n","protected":false},"author":2,"featured_media":0,"parent":0,"menu_order":0,"comment_status":"closed","ping_status":"closed","template":"","meta":{"footnotes":""},"class_list":["post-40","page","type-page","status-publish","hentry"],"_links":{"self":[{"href":"https:\/\/denkloesung.de\/index.php?rest_route=\/wp\/v2\/pages\/40"}],"collection":[{"href":"https:\/\/denkloesung.de\/index.php?rest_route=\/wp\/v2\/pages"}],"about":[{"href":"https:\/\/denkloesung.de\/index.php?rest_route=\/wp\/v2\/types\/page"}],"author":[{"embeddable":true,"href":"https:\/\/denkloesung.de\/index.php?rest_route=\/wp\/v2\/users\/2"}],"replies":[{"embeddable":true,"href":"https:\/\/denkloesung.de\/index.php?rest_route=%2Fwp%2Fv2%2Fcomments&post=40"}],"version-history":[{"count":8,"href":"https:\/\/denkloesung.de\/index.php?rest_route=\/wp\/v2\/pages\/40\/revisions"}],"predecessor-version":[{"id":91,"href":"https:\/\/denkloesung.de\/index.php?rest_route=\/wp\/v2\/pages\/40\/revisions\/91"}],"wp:attachment":[{"href":"https:\/\/denkloesung.de\/index.php?rest_route=%2Fwp%2Fv2%2Fmedia&parent=40"}],"curies":[{"name":"wp","href":"https:\/\/api.w.org\/{rel}","templated":true}]}}